{"id":474,"date":"2025-02-25T13:11:05","date_gmt":"2025-02-25T13:11:05","guid":{"rendered":"https:\/\/asmar-rolety.pl\/?page_id=474"},"modified":"2025-02-25T13:11:08","modified_gmt":"2025-02-25T13:11:08","slug":"eksperci-od-mody","status":"publish","type":"page","link":"https:\/\/asmar-rolety.pl\/ro\/eksperci-od-mody\/","title":{"rendered":"Exper\u021bi \u00een mod\u0103"},"content":{"rendered":"","protected":false},"excerpt":{"rendered":"","protected":false},"author":1,"featured_media":0,"parent":0,"menu_order":0,"comment_status":"closed","ping_status":"closed","template":"","meta":{"_acf_changed":false,"footnotes":""},"class_list":["post-474","page","type-page","status-publish","hentry"],"acf":[],"yoast_head":"<!-- This site is optimized with the Yoast SEO plugin v23.2 - https:\/\/yoast.com\/wordpress\/plugins\/seo\/ -->\n<title>Eksperci od mody - asmar-rolety.pl<\/title>\n<meta name=\"description\" content=\"Kim s\u0105 tw\u00f3rcy inspiruj\u0105cych tre\u015bci o modzie? Poznaj pasjonat\u00f3w, kt\u00f3rzy kreuj\u0105 trendy i dziel\u0105 si\u0119 swoj\u0105 wiedz\u0105 o stylu!\" \/>\n<meta name=\"robots\" content=\"index, follow, max-snippet:-1, max-image-preview:large, max-video-preview:-1\" \/>\n<link rel=\"canonical\" href=\"https:\/\/asmar-rolety.pl\/ro\/eksperci-od-mody\/\" \/>\n<meta property=\"og:locale\" content=\"ro_RO\" \/>\n<meta property=\"og:type\" content=\"article\" \/>\n<meta property=\"og:title\" content=\"Eksperci od mody - asmar-rolety.pl\" \/>\n<meta property=\"og:description\" content=\"Kim s\u0105 tw\u00f3rcy inspiruj\u0105cych tre\u015bci o modzie? Poznaj pasjonat\u00f3w, kt\u00f3rzy kreuj\u0105 trendy i dziel\u0105 si\u0119 swoj\u0105 wiedz\u0105 o stylu!\" \/>\n<meta property=\"og:url\" content=\"https:\/\/asmar-rolety.pl\/ro\/eksperci-od-mody\/\" \/>\n<meta property=\"og:site_name\" content=\"asmar-rolety.pl\" \/>\n<meta property=\"article:modified_time\" content=\"2025-02-25T13:11:08+00:00\" \/>\n<meta name=\"twitter:card\" content=\"summary_large_image\" \/>\n<meta name=\"twitter:label1\" content=\"Timp estimat pentru citire\" \/>\n\t<meta name=\"twitter:data1\" content=\"1 minut\" \/>\n<script type=\"application\/ld+json\" class=\"yoast-schema-graph\">{\"@context\":\"https:\/\/schema.org\",\"@graph\":[{\"@type\":\"WebPage\",\"@id\":\"https:\/\/asmar-rolety.pl\/eksperci-od-mody\/\",\"url\":\"https:\/\/asmar-rolety.pl\/eksperci-od-mody\/\",\"name\":\"Eksperci od mody - asmar-rolety.pl\",\"isPartOf\":{\"@id\":\"https:\/\/asmar-rolety.pl\/#website\"},\"datePublished\":\"2025-02-25T13:11:05+00:00\",\"dateModified\":\"2025-02-25T13:11:08+00:00\",\"description\":\"Kim s\u0105 tw\u00f3rcy inspiruj\u0105cych tre\u015bci o modzie? Poznaj pasjonat\u00f3w, kt\u00f3rzy kreuj\u0105 trendy i dziel\u0105 si\u0119 swoj\u0105 wiedz\u0105 o stylu!\",\"breadcrumb\":{\"@id\":\"https:\/\/asmar-rolety.pl\/eksperci-od-mody\/#breadcrumb\"},\"inLanguage\":\"ro-RO\",\"potentialAction\":[{\"@type\":\"ReadAction\",\"target\":[\"https:\/\/asmar-rolety.pl\/eksperci-od-mody\/\"]}]},{\"@type\":\"BreadcrumbList\",\"@id\":\"https:\/\/asmar-rolety.pl\/eksperci-od-mody\/#breadcrumb\",\"itemListElement\":[{\"@type\":\"ListItem\",\"position\":1,\"name\":\"Home\",\"item\":\"https:\/\/asmar-rolety.pl\/\"},{\"@type\":\"ListItem\",\"position\":2,\"name\":\"Eksperci od mody\"}]},{\"@type\":\"WebSite\",\"@id\":\"https:\/\/asmar-rolety.pl\/#website\",\"url\":\"https:\/\/asmar-rolety.pl\/\",\"name\":\"asmar-rolety.pl\",\"description\":\"Moherowe swetry: luksusowa wygoda na co dzie\u0144.\",\"potentialAction\":[{\"@type\":\"SearchAction\",\"target\":{\"@type\":\"EntryPoint\",\"urlTemplate\":\"https:\/\/asmar-rolety.pl\/?s={search_term_string}\"},\"query-input\":\"required name=search_term_string\"}],\"inLanguage\":\"ro-RO\"}]}<\/script>\n<!-- \/ Yoast SEO plugin. -->","yoast_head_json":{"title":"Eksperci od mody - asmar-rolety.pl","description":"Kim s\u0105 tw\u00f3rcy inspiruj\u0105cych tre\u015bci o modzie? Poznaj pasjonat\u00f3w, kt\u00f3rzy kreuj\u0105 trendy i dziel\u0105 si\u0119 swoj\u0105 wiedz\u0105 o stylu!","robots":{"index":"index","follow":"follow","max-snippet":"max-snippet:-1","max-image-preview":"max-image-preview:large","max-video-preview":"max-video-preview:-1"},"canonical":"https:\/\/asmar-rolety.pl\/ro\/eksperci-od-mody\/","og_locale":"ro_RO","og_type":"article","og_title":"Eksperci od mody - asmar-rolety.pl","og_description":"Kim s\u0105 tw\u00f3rcy inspiruj\u0105cych tre\u015bci o modzie? Poznaj pasjonat\u00f3w, kt\u00f3rzy kreuj\u0105 trendy i dziel\u0105 si\u0119 swoj\u0105 wiedz\u0105 o stylu!","og_url":"https:\/\/asmar-rolety.pl\/ro\/eksperci-od-mody\/","og_site_name":"asmar-rolety.pl","article_modified_time":"2025-02-25T13:11:08+00:00","twitter_card":"summary_large_image","twitter_misc":{"Timp estimat pentru citire":"1 minut"},"schema":{"@context":"https:\/\/schema.org","@graph":[{"@type":"WebPage","@id":"https:\/\/asmar-rolety.pl\/eksperci-od-mody\/","url":"https:\/\/asmar-rolety.pl\/eksperci-od-mody\/","name":"Eksperci od mody - asmar-rolety.pl","isPartOf":{"@id":"https:\/\/asmar-rolety.pl\/#website"},"datePublished":"2025-02-25T13:11:05+00:00","dateModified":"2025-02-25T13:11:08+00:00","description":"Kim s\u0105 tw\u00f3rcy inspiruj\u0105cych tre\u015bci o modzie? Poznaj pasjonat\u00f3w, kt\u00f3rzy kreuj\u0105 trendy i dziel\u0105 si\u0119 swoj\u0105 wiedz\u0105 o stylu!","breadcrumb":{"@id":"https:\/\/asmar-rolety.pl\/eksperci-od-mody\/#breadcrumb"},"inLanguage":"ro-RO","potentialAction":[{"@type":"ReadAction","target":["https:\/\/asmar-rolety.pl\/eksperci-od-mody\/"]}]},{"@type":"BreadcrumbList","@id":"https:\/\/asmar-rolety.pl\/eksperci-od-mody\/#breadcrumb","itemListElement":[{"@type":"ListItem","position":1,"name":"Home","item":"https:\/\/asmar-rolety.pl\/"},{"@type":"ListItem","position":2,"name":"Eksperci od mody"}]},{"@type":"WebSite","@id":"https:\/\/asmar-rolety.pl\/#website","url":"https:\/\/asmar-rolety.pl\/","name":"asmar-rolety.pl","description":"Moherowe swetry: luksusowa wygoda na co dzie\u0144.","potentialAction":[{"@type":"SearchAction","target":{"@type":"EntryPoint","urlTemplate":"https:\/\/asmar-rolety.pl\/?s={search_term_string}"},"query-input":"required name=search_term_string"}],"inLanguage":"ro-RO"}]}},"yoast_meta":{"yoast_wpseo_title":"","yoast_wpseo_metadesc":"","yoast_wpseo_canonical":"https:\/\/asmar-rolety.pl\/ro\/wp-json\/wp\/v2\/pages\/474"},"_links":{"self":[{"href":"https:\/\/asmar-rolety.pl\/ro\/wp-json\/wp\/v2\/pages\/474"}],"collection":[{"href":"https:\/\/asmar-rolety.pl\/ro\/wp-json\/wp\/v2\/pages"}],"about":[{"href":"https:\/\/asmar-rolety.pl\/ro\/wp-json\/wp\/v2\/types\/page"}],"author":[{"embeddable":true,"href":"https:\/\/asmar-rolety.pl\/ro\/wp-json\/wp\/v2\/users\/1"}],"replies":[{"embeddable":true,"href":"https:\/\/asmar-rolety.pl\/ro\/wp-json\/wp\/v2\/comments?post=474"}],"version-history":[{"count":1,"href":"https:\/\/asmar-rolety.pl\/ro\/wp-json\/wp\/v2\/pages\/474\/revisions"}],"predecessor-version":[{"id":475,"href":"https:\/\/asmar-rolety.pl\/ro\/wp-json\/wp\/v2\/pages\/474\/revisions\/475"}],"wp:attachment":[{"href":"https:\/\/asmar-rolety.pl\/ro\/wp-json\/wp\/v2\/media?parent=474"}],"curies":[{"name":"wp","href":"https:\/\/api.w.org\/{rel}","templated":true}]}}